{"id":220,"date":"2021-11-13T17:06:25","date_gmt":"2021-11-13T17:06:25","guid":{"rendered":"https:\/\/memphismisraim.cl\/v2\/?page_id=220"},"modified":"2021-11-15T20:22:04","modified_gmt":"2021-11-15T20:22:04","slug":"grandes-hierofantes-del-rito-de-memphis-misraim","status":"publish","type":"page","link":"https:\/\/memphismisraim.cl\/v2\/grandes-hierofantes-del-rito-de-memphis-misraim\/","title":{"rendered":"Grandes Hierofantes del Rito de Memphis &#8211; Misraim"},"content":{"rendered":"\t\t<div data-elementor-type=\"wp-page\" data-elementor-id=\"220\" class=\"elementor elementor-220\" data-elementor-settings=\"[]\">\n\t\t\t\t\t\t\t<div class=\"elementor-section-wrap\">\n\t\t\t\t\t\t\t<section class=\"elementor-section elementor-top-section elementor-element elementor-element-1df1096f elementor-section-boxed elementor-section-height-default elementor-section-height-default\" data-id=\"1df1096f\" data-element_type=\"section\">\n\t\t\t\t\t\t<div class=\"elementor-container elementor-column-gap-default\">\n\t\t\t\t\t<div class=\"elementor-column elementor-col-100 elementor-top-column elementor-element elementor-element-ab53431\" data-id=\"ab53431\" data-element_type=\"column\">\n\t\t\t<div class=\"elementor-widget-wrap elementor-element-populated\">\n\t\t\t\t\t\t\t\t<div class=\"elementor-element elementor-element-57d9065d elementor-widget elementor-widget-text-editor\" data-id=\"57d9065d\" data-element_type=\"widget\" data-widget_type=\"text-editor.default\">\n\t\t\t\t<div class=\"elementor-widget-container\">\n\t\t\t\t\t\t\t<!-- wp:paragraph -->\n<p style=\"text-align: center;\"><strong>Lista de los Grandes Maestros Mundiales-Grandes Hierofantes del Rito de Memphis-Misraim<\/strong><\/p>\n<!-- \/wp:paragraph --><!-- wp:paragraph -->\n<p><strong>1881- 1900:\u00a0Jos\u00e9 Garibaldi, Italia\u00a0<\/strong><a href=\"https:\/\/memphismisraim.cl\/hierofantes_garibaldi.gif\"><strong>(Ver foto)<\/strong><\/a><br \/><br \/><strong>1900-1902:\u00a0Ferdinando Delli Odi, Italia<\/strong><br \/><br \/><strong>1902-1913:\u00a0John Yarker, Gran Breta\u00f1a\u00a0<\/strong><a href=\"https:\/\/memphismisraim.cl\/hierofantes_yarker.gif\"><strong>(Ver foto)<\/strong><\/a><br \/><br \/><strong>1913-1923:\u00a0Theodor Reuss, Alemania<\/strong><br \/><br \/><strong>1924-1936:\u00a0\u00bf? Escisi\u00f3n del Rito, en B\u00e9lgica se crea la FUDOSI y en Francia Constant Chevillon y S. Clymer crean en respuesta la FUDOSFI y publica la \u201c<a href=\"https:\/\/memphismisraim.cl\/bula.htm\">BULA DE PARIS<\/a>\u201d.<br \/><br \/>1936-1946:\u00a0Guerino Troilo, Argentina FUDOSI<br \/><br \/>1946-1966:\u00a0George Lagr\u00e9ze, Francia FUDOSI<\/strong><br \/><br \/><strong>1966-1985:\u00a0Robert Ambelain, Francia<\/strong><br \/><br \/><strong>1985:\u00a0G\u00e9rard Kloppel, Francia<\/strong><\/p>\n<!-- \/wp:paragraph --><!-- wp:image -->\n<figure class=\"wp-block-image\"><hr \/><hr \/><hr \/><\/figure>\n<!-- \/wp:image --><!-- wp:paragraph -->\n<p style=\"text-align: center;\"><strong>Lista de los Grandes Maestros Mundiales y Grandes Hierofantes del Rito de Memphis-Misraim<\/strong><\/p>\n<!-- \/wp:paragraph --><!-- wp:paragraph -->\n<p><strong>1881-1900:\u00a0Jos\u00e9 Garibaldi, Italia\u00a0<\/strong><a href=\"https:\/\/memphismisraim.cl\/hierofantes_garibaldi.gif\"><strong>(Ver foto)<\/strong><\/a><br \/><br \/><strong>1900-1902:\u00a0Ferdinando Delli Odi, Italia<\/strong><br \/><br \/><strong>1902-1913:\u00a0John Yarker, Gran Breta\u00f1a<\/strong><br \/><br \/><strong>1913-1923:\u00a0Theodor Reuss, Alemania<\/strong><br \/><br \/><strong>1908-1916:\u00a0Dr.Gerard Encausse (Papus), Francia\u00a0<\/strong>(Profesor de Dn. Le\u00f3n Tournier)\u00a0<a href=\"https:\/\/memphismisraim.cl\/filiacion_papus.gif\"><strong>(Ver foto)<\/strong><\/a><br \/><br \/><strong>1916-1918:\u00a0Charles D\u00e8tr\u00e9 ( T\u00e9der),\u00a0<\/strong><strong>Francia\u00a0<\/strong>(Iniciador de Dn. Le\u00f3n Tournier)<br \/><br \/><strong>1918-1934:\u00a0Jean Bricaud, Francia\u00a0<\/strong>( Altos Grados a Dn. Le\u00f3n Tournier)\u00a0<a href=\"https:\/\/memphismisraim.cl\/filiacion_bricaud.gif\"><strong>(Ver foto)<\/strong><\/a><br \/><br \/><strong>1934-1944:\u00a0Constant Chevillon, Francia\u00a0<\/strong>(Nombra Gran Representante del Rito a Dn. Le\u00f3n Tournier)\u00a0<a href=\"https:\/\/memphismisraim.cl\/filiacion_chevillon.gif\"><strong>(Ver foto)<\/strong><\/a><br \/><br \/><strong>1944-1960:\u00a0Henry Dupont, Francia\u00a0<\/strong>(Dn. Otto Reszczynski Ram\u00edrez le comunica el fallecimiento de Dn. L\u00e9on Tournier; y le ofreci\u00f3 toda su apoyo para que continuara con el trabajo realizado por Dn. Le\u00f3n y el Rito en Chile)<a href=\"https:\/\/memphismisraim.cl\/filiacion_dupont.gif\"><strong>(Ver foto)<\/strong><\/a><\/p>\n<!-- \/wp:paragraph --><!-- wp:image -->\n<figure class=\"wp-block-image\"><hr \/><hr \/><hr \/><\/figure>\n<!-- \/wp:image --><!-- wp:paragraph -->\n<p>L\u00ednea Inici\u00e1tica de Chile<\/p>\n<!-- \/wp:paragraph --><!-- wp:paragraph -->\n<p><strong>1908-1916:\u00a0Dr. Gerard Encausse (Papus), Francia.\u00a0<a href=\"https:\/\/memphismisraim.cl\/filiacion_papus.gif\"><strong>(Ver foto)<\/strong><\/a><br \/><br \/>1916-1918:\u00a0Charles D\u00e8tr\u00e9 (T\u00e9der), Francia\u00a0<a href=\"https:\/\/memphismisraim.cl\/historia_detre.gif\"><strong>(Ver foto)<\/strong><\/a><br \/><br \/>1918-1934:\u00a0Jean Bricaud, Francia\u00a0<a href=\"https:\/\/memphismisraim.cl\/filiacion_bricaud.gif\"><strong>(Ver foto)<\/strong><\/a><br \/><br \/>1934\/1944:\u00a0Constant Chevillon, Francia\u00a0<a href=\"https:\/\/memphismisraim.cl\/filiacion_chevillon.gif\"><strong>(Ver foto)<\/strong><\/a><br \/><br \/>1944-1960:\u00a0Henry Dupont, Francia\u00a0<a href=\"https:\/\/memphismisraim.cl\/filiacion_dupont.gif\"><strong>(Ver foto)<\/strong><\/a><br \/><br \/>1927-1948:\u00a0Le\u00f3n Tournier Perron, Francia\u00a0<a href=\"https:\/\/memphismisraim.cl\/tournier_bio2.jpg\">(Ver foto)<\/a><br \/><br \/>1948-1998:\u00a0Otto Reszczynski Ram\u00edrez, Chile\u00a0<a href=\"https:\/\/memphismisraim.cl\/hierofantes_reszczynski.gif\">(Ver foto)<\/a><br \/><br \/>1998-Al presente:\u00a0Alfredo Utrera Tournier, Chile\u00a0\u00a0<a href=\"https:\/\/memphismisraim.cl\/hierofantes_utrera.jpg\">(Ver foto)<\/a><\/strong><\/p>\n<!-- \/wp:paragraph --><!-- wp:paragraph -->\n<p>Durante la Segunda Guerra Mundial, mientras la Orden Mas\u00f3nica era perseguida por los nazis y fusilado el Gran Hierofante Constant Chevillon, en Chile, el Rito Oriental Antiguo y Primitivo de Memphis-Misraim continu\u00f3 con sus columnas en actividad mantenidas por el trabajo arduo y constante del Gran Representante del Rito Q:.H:. Le\u00f3n Tournier Perron, qui\u00e9n a su fallecimiento deleg\u00f3 sus poderes como Gran Representante del Rito en el Q:. H:. Otto Reszczynski Ram\u00edrez; el cual se destac\u00f3 por su gran conocimiento y perseverante trabajo en el desarrollo de la Orden y del Rito, cre\u00f3 la Respetable Logia \u201cLe\u00f3n Tournier Perron N\u00ba1\u201d del valle de Santiago de Chile; igualmente form\u00f3 la Gran Logia Sudamericana del Rito Oriental Antiguo y Primitivo de Memphis-Misraim, dej\u00f3 en actividad todos los Grados y el Soberano Santuario del Rito Oriental Antiguo y Primitivo de Memphis-Misraim para Chile y Sudam\u00e9rica, incluso con una sede propia en calle Hu\u00e9rfanos.<br \/><br \/>El Gran Maestro y Gran Hierofante Constant Chevillon, tuvo la dif\u00edcil tarea de mantener la l\u00ednea Inici\u00e1tica leg\u00edtima, al enfrentarse a la creaci\u00f3n de logias espurias con sede en B\u00e9lgica, y a la creaci\u00f3n de la\u00a0<strong>FUDOSI<\/strong>, (Federaci\u00f3n Universal de Ordenes y Sociedades Inici\u00e1ticas), en esta organizaci\u00f3n prim\u00f3 la vanidad y el ego\u00edsmo de algunos de sus fundadores, particip\u00f3 los HH:. Rombaut, Lagrez\u00e9, Blanchard; Grueter;y Reichel C. Chevillon junto con S. Clymer y otros Grandes Maestros crearon la\u00a0<strong>FUDOSFI\u00a0<\/strong>(Federaci\u00f3n Universal de Ordenes y Fraternidades de Iniciados.)<br \/><br \/>Como consecuencia de las irregularidades cometidas por quienes se confabularon en la creaci\u00f3n de un Rito paralelo, se emiti\u00f3 \u201cLa Bula de Par\u00eds\u201d, donde Constant Chevillon hace una completa relaci\u00f3n de hechos en que desenmascara a quienes promovieron esta situaci\u00f3n, muchos de sus participantes recapacitaron, por lo cual renunciaron al Rito de B\u00e9gica por su ilegitimidad.<\/p>\n<!-- \/wp:paragraph --><!-- wp:paragraph -->\n<p>Recordamos, para terminar, que el Sob:. Sant:. Para Francia y sus Dependencias<br \/><br \/>Fue autorizado por Carta en 1919 por Reuss-P\u00e9regrinos y que fue seguido por el Sob:. G:. Cons:. creado en 1908 por Papus y T\u00e9der bajo Carta del mismo Reuss, con la misma Carta trabajaron Jean Bricaud, Constant Chevillon, Henry Dupont, etc.<br \/><br \/>Reuss hab\u00eda recibido sus Poderes de John Yarker en 1902.<br \/><br \/>John Yarker era titular de una Carta otorgada por Seymur en 1872.<br \/><br \/>En cuanto a Seymour, \u00e9l era el Sob:.G:. M:. leg\u00edtimo de M:. M:. para los EE.UU en virtud de una Carta otorgada por el mismo Marconis\u00a0<a href=\"https:\/\/memphismisraim.cl\/hierofantes_marconis.gif\"><strong>(Ver foto)<\/strong><\/a>\u00a0en 1856. Esta Carta hab\u00eda sido reconocida como v\u00e1lida por el Gran Oriente de Francia bajo la firma del Mariscal Magnan<em>.<\/em><\/p>\n<!-- \/wp:paragraph --><!-- wp:image -->\n<figure class=\"wp-block-image\"><hr \/><\/figure>\n<!-- \/wp:image -->\t\t\t\t\t\t<\/div>\n\t\t\t\t<\/div>\n\t\t\t\t\t<\/div>\n\t\t<\/div>\n\t\t\t\t\t\t\t<\/div>\n\t\t<\/section>\n\t\t\t\t\t\t<\/div>\n\t\t\t\t\t<\/div>\n\t\t","protected":false},"excerpt":{"rendered":"<p>Lista de los Grandes Maestros Mundiales-Grandes Hierofantes del Rito de Memphis-Misraim 1881- 1900:\u00a0Jos\u00e9 Garibaldi, Italia\u00a0(Ver foto) 1900-1902:\u00a0Ferdinando Delli Odi, Italia 1902-1913:\u00a0John Yarker, Gran Breta\u00f1a\u00a0(Ver foto) 1913-1923:\u00a0Theodor Reuss, Alemania 1924-1936:\u00a0\u00bf? Escisi\u00f3n del Rito, en B\u00e9lgica se crea la FUDOSI y en Francia Constant Chevillon y S. Clymer crean en respuesta la FUDOSFI y publica la \u201cBULA&hellip; <br \/> <a class=\"read-more\" href=\"https:\/\/memphismisraim.cl\/v2\/grandes-hierofantes-del-rito-de-memphis-misraim\/\">Leer m\u00e1s<\/a><\/p>\n","protected":false},"author":1,"featured_media":0,"parent":0,"menu_order":0,"comment_status":"closed","ping_status":"closed","template":"","meta":{"footnotes":""},"class_list":["post-220","page","type-page","status-publish","hentry"],"_links":{"self":[{"href":"https:\/\/memphismisraim.cl\/v2\/wp-json\/wp\/v2\/pages\/220","targetHints":{"allow":["GET"]}}],"collection":[{"href":"https:\/\/memphismisraim.cl\/v2\/wp-json\/wp\/v2\/pages"}],"about":[{"href":"https:\/\/memphismisraim.cl\/v2\/wp-json\/wp\/v2\/types\/page"}],"author":[{"embeddable":true,"href":"https:\/\/memphismisraim.cl\/v2\/wp-json\/wp\/v2\/users\/1"}],"replies":[{"embeddable":true,"href":"https:\/\/memphismisraim.cl\/v2\/wp-json\/wp\/v2\/comments?post=220"}],"version-history":[{"count":10,"href":"https:\/\/memphismisraim.cl\/v2\/wp-json\/wp\/v2\/pages\/220\/revisions"}],"predecessor-version":[{"id":375,"href":"https:\/\/memphismisraim.cl\/v2\/wp-json\/wp\/v2\/pages\/220\/revisions\/375"}],"wp:attachment":[{"href":"https:\/\/memphismisraim.cl\/v2\/wp-json\/wp\/v2\/media?parent=220"}],"curies":[{"name":"wp","href":"https:\/\/api.w.org\/{rel}","templated":true}]}}