{"id":197,"date":"2021-11-13T16:31:08","date_gmt":"2021-11-13T16:31:08","guid":{"rendered":"https:\/\/memphismisraim.cl\/v2\/?page_id=197"},"modified":"2021-11-15T20:11:01","modified_gmt":"2021-11-15T20:11:01","slug":"la-masoneria-y-sus-fines","status":"publish","type":"page","link":"https:\/\/memphismisraim.cl\/v2\/la-masoneria-y-sus-fines\/","title":{"rendered":"La Masoner\u00eda y sus Fines"},"content":{"rendered":"\t\t<div data-elementor-type=\"wp-page\" data-elementor-id=\"197\" class=\"elementor elementor-197\" data-elementor-settings=\"[]\">\n\t\t\t\t\t\t\t<div class=\"elementor-section-wrap\">\n\t\t\t\t\t\t\t<section class=\"elementor-section elementor-top-section elementor-element elementor-element-7913fd4b elementor-section-boxed elementor-section-height-default elementor-section-height-default\" data-id=\"7913fd4b\" data-element_type=\"section\">\n\t\t\t\t\t\t<div class=\"elementor-container elementor-column-gap-default\">\n\t\t\t\t\t<div class=\"elementor-column elementor-col-100 elementor-top-column elementor-element elementor-element-4bfeb247\" data-id=\"4bfeb247\" data-element_type=\"column\">\n\t\t\t<div class=\"elementor-widget-wrap elementor-element-populated\">\n\t\t\t\t\t\t\t\t<div class=\"elementor-element elementor-element-7bcbdb6a elementor-widget elementor-widget-text-editor\" data-id=\"7bcbdb6a\" data-element_type=\"widget\" data-widget_type=\"text-editor.default\">\n\t\t\t\t<div class=\"elementor-widget-container\">\n\t\t\t\t\t\t\t<p><!-- wp:paragraph --><\/p>\n<p>La Masoner\u00eda es una Orden, o Sociedad Secreta; filos\u00f3fica, filantr\u00f3pica y progresiva; esparcida por todo el Mundo. Es una Escuela de ense\u00f1anza mutua, con un principio fundamental; la Tolerancia y la Fraternidad.<br \/><br \/>Sus fines son: unir a los hombres haci\u00e9ndolos m\u00e1s libres y perfectos por medio del conocimiento racional de la Voluntad Superior que rige el Universo. Su aspiraci\u00f3n es hacer de cada hombre, un Templo individual a la Gloria del Ser Supremo; lo que consigue desarrollando, en Grados sucesivos, el Principio Divino que le anima.<br \/><br \/>La definici\u00f3n oficial, universalmente aceptada, es la siguiente: \u201cLa Francmasoner\u00eda es una Instituci\u00f3n de Fraternidad Universal esencialmente filantr\u00f3pica, filos\u00f3fica y progresiva que proclama la existencia de un Principio Creador, bajo el nombre de Gran Arquitecto del Universo, y tiene por principio fundamental la Tolerancia mutua, el respeto de s\u00ed mismo y de los dem\u00e1s, y la libertad absoluta del pensamiento y de la conciencia. Por tanto, est\u00e1 abierta a los hombres de todas las razas y de todas las nacionalidades, cualesquiera que sean sus opiniones y creencias, con tal que sean libres y de buenas costumbres\u201d.<br \/><br \/>Tiene por objeto la investigaci\u00f3n de la Verdad, el estudio de la Moral y la pr\u00e1ctica de la Solidaridad. Trabaja por el mejoramiento material y Moral, y por el perfeccionamiento intelectual y social de la Humanidad.<br \/><br \/>Hace extensivos a todos los hombres los lazos fraternales que unen a los Francmasones sobre toda la superficie de la Tierra, y la lucha incesantemente contra la Ignorancia y el Fanatismo bajo cualquier forma que se presente.<br \/><br \/>Aconseja vivir honradamente, obedecer la Leyes de su pa\u00eds, practicar la Justicia, amar a sus semejantes y trabajar incesantemente para el bienestar de la Humanidad La Francmasoner\u00eda honra y dignifica el trabajo y lo considera como uno de los deberes principales del hombre; por esto proscribe la ociosidad voluntaria y da a sus miembros \u00e9l titulo de Obrero. De esta definici\u00f3n se deduce, que la Francmasoner\u00eda es una Instituci\u00f3n nacida para combatir con las armas de persuasi\u00f3n y con la fuerza Moral del buen ejemplo, y luchar con todo lo que atente al progreso de la Raz\u00f3n y al Esp\u00edritu de la Fraternidad Universal.<br \/><br \/>La Humanidad es deudora de los grandes triunfos y progresos que han colocado a la Francmasoner\u00eda como la primera de tantas Instituciones, nacidas del Amor a la Humanidad y del inter\u00e9s por el bienestar de los Pueblos.<br \/><br \/>En conclusi\u00f3n podemos definirla diciendo: Que es la Ciencia del progreso moral y resumir su acci\u00f3n social en dos grandes atributos de la Inteligencia: Luz y Verdad; ilustrando a los hombres aumentando su instrucci\u00f3n en ideas s\u00f3lidas y positivas; que act\u00faa sobre los principios de la Ley Natural, convenciendo por la Persuasi\u00f3n y el buen ejemplo.<br \/><br \/>Es conducir a la Humanidad por medio de la Fuerza de la Raz\u00f3n a un r\u00e9gimen de Orden y Simpat\u00eda a un estado de Paz y Bienestar duradero y envidiable. Estos son los Principios y los fines de la Francmasoner\u00eda. Tiene como base el Amor al Ser Supremo y al estudio de la Naturaleza como atractivo y como Velo el misterio, como clave la Alegor\u00eda, como lazo la moral, como blanco la perfecci\u00f3n y la dicha del Hombre y como resultado la beneficencia.<br \/><br \/>Unidos bajo la Alegor\u00eda de un Templo inmaterial levantado al G :. A :. D :. U :. , la Masoner\u00eda se compone en cada Naci\u00f3n de hombres generosos y buenos, elegidos de todas las clases sociales por su talento y virtud. La Francmasoner\u00eda es una alianza Universal de hombres honrados que se consagran sinceramente al bien de todos.<\/p>\n<p><!-- \/wp:paragraph --><\/p>\n<p><!-- wp:paragraph --><\/p>\n<hr \/>\n<p>Por:\u00a0Otto Reszczynski Ram\u00edrez<\/p>\n<p><!-- \/wp:paragraph --><\/p>\t\t\t\t\t\t<\/div>\n\t\t\t\t<\/div>\n\t\t\t\t\t<\/div>\n\t\t<\/div>\n\t\t\t\t\t\t\t<\/div>\n\t\t<\/section>\n\t\t\t\t\t\t<\/div>\n\t\t\t\t\t<\/div>\n\t\t","protected":false},"excerpt":{"rendered":"<p>La Masoner\u00eda es una Orden, o Sociedad Secreta; filos\u00f3fica, filantr\u00f3pica y progresiva; esparcida por todo el Mundo. Es una Escuela de ense\u00f1anza mutua, con un principio fundamental; la Tolerancia y la Fraternidad. Sus fines son: unir a los hombres haci\u00e9ndolos m\u00e1s libres y perfectos por medio del conocimiento racional de la Voluntad Superior que rige&hellip; <br \/> <a class=\"read-more\" href=\"https:\/\/memphismisraim.cl\/v2\/la-masoneria-y-sus-fines\/\">Leer m\u00e1s<\/a><\/p>\n","protected":false},"author":1,"featured_media":0,"parent":0,"menu_order":0,"comment_status":"closed","ping_status":"closed","template":"","meta":{"footnotes":""},"class_list":["post-197","page","type-page","status-publish","hentry"],"_links":{"self":[{"href":"https:\/\/memphismisraim.cl\/v2\/wp-json\/wp\/v2\/pages\/197","targetHints":{"allow":["GET"]}}],"collection":[{"href":"https:\/\/memphismisraim.cl\/v2\/wp-json\/wp\/v2\/pages"}],"about":[{"href":"https:\/\/memphismisraim.cl\/v2\/wp-json\/wp\/v2\/types\/page"}],"author":[{"embeddable":true,"href":"https:\/\/memphismisraim.cl\/v2\/wp-json\/wp\/v2\/users\/1"}],"replies":[{"embeddable":true,"href":"https:\/\/memphismisraim.cl\/v2\/wp-json\/wp\/v2\/comments?post=197"}],"version-history":[{"count":4,"href":"https:\/\/memphismisraim.cl\/v2\/wp-json\/wp\/v2\/pages\/197\/revisions"}],"predecessor-version":[{"id":354,"href":"https:\/\/memphismisraim.cl\/v2\/wp-json\/wp\/v2\/pages\/197\/revisions\/354"}],"wp:attachment":[{"href":"https:\/\/memphismisraim.cl\/v2\/wp-json\/wp\/v2\/media?parent=197"}],"curies":[{"name":"wp","href":"https:\/\/api.w.org\/{rel}","templated":true}]}}